{"id":17923,"date":"2026-01-20T12:05:43","date_gmt":"2026-01-20T12:05:43","guid":{"rendered":"https:\/\/baeyond.com\/safety-tips\/"},"modified":"2026-01-22T12:11:06","modified_gmt":"2026-01-22T12:11:06","slug":"conseils-de-securite","status":"publish","type":"page","link":"https:\/\/baeyond.com\/fr\/conseils-de-securite\/","title":{"rendered":"Conseils de s\u00e9curit\u00e9"},"content":{"rendered":"\n<p><\/p>\n\n\n\n<h1 class=\"wp-block-heading\"><strong>Conseils de s\u00e9curit\u00e9 de Baeyond<\/strong><\/h1>\n\n\n\n<p>Rencontrer de nouvelles personnes est passionnant, mais il est toujours important de rester prudent lorsqu&rsquo;on interagit avec un inconnu. Faites preuve de bon sens et privil\u00e9giez votre s\u00e9curit\u00e9, que ce soit lors d&rsquo;un premier \u00e9change de messages ou d&rsquo;une rencontre en personne. M\u00eame si vous ne pouvez pas contr\u00f4ler les agissements d&rsquo;autrui, vous pouvez prendre certaines mesures pour assurer votre s\u00e9curit\u00e9 durant votre exp\u00e9rience Baeyond.<\/p>\n\n\n\n<h3 class=\"wp-block-heading\"><strong>S\u00e9curit\u00e9 en ligne<\/strong><\/h3>\n\n\n\n<h4 class=\"wp-block-heading\"><strong>N&rsquo;envoyez jamais d&rsquo;argent et ne partagez jamais d&rsquo;informations financi\u00e8res.<\/strong><\/h4>\n\n\n\n<ul class=\"wp-block-list\">\n<li>N\u2019envoyez jamais d\u2019argent, que ce soit par virement bancaire, service bancaire ou application sur votre t\u00e9l\u00e9phone, m\u00eame si la personne pr\u00e9tend \u00eatre en situation d\u2019urgence.<\/li>\n\n\n\n<li>Il peut \u00eatre quasiment impossible d&rsquo;annuler ces transactions ou de retracer le parcours de l&rsquo;argent.<\/li>\n\n\n\n<li>N\u2019effectuez aucun investissement et n\u2019ouvrez aucun compte aupr\u00e8s d\u2019une personne avec laquelle vous avez \u00e9t\u00e9 mis en relation, ni par le biais de services ou de sites web qu\u2019elle vous recommande.<\/li>\n\n\n\n<li>Ne partagez jamais d&rsquo;informations qui pourraient \u00eatre utilis\u00e9es pour acc\u00e9der \u00e0 vos comptes financiers.<\/li>\n\n\n\n<li>Si un autre utilisateur vous demande de l&rsquo;argent, signalez-le imm\u00e9diatement \u00e0 notre \u00e9quipe d&rsquo;assistance disponible 24h\/24 et 7j\/7.<\/li>\n<\/ul>\n\n\n\n<h4 class=\"wp-block-heading\"><strong>Prot\u00e9gez vos informations personnelles<\/strong><\/h4>\n\n\n\n<ul class=\"wp-block-list\">\n<li>Ne partagez jamais d&rsquo;informations personnelles, telles que votre adresse personnelle ou professionnelle, ou des d\u00e9tails sur votre routine quotidienne (par exemple, que vous allez dans une certaine salle de sport tous les lundis), avec des personnes que vous ne connaissez pas.<\/li>\n\n\n\n<li>Si vous \u00eates parent, limitez les informations que vous partagez sur vos enfants sur votre profil et lors de vos premi\u00e8res communications.<\/li>\n\n\n\n<li>\u00c9vitez de partager des d\u00e9tails tels que des images de vos enfants, leurs noms, l&rsquo;endroit o\u00f9 ils vont \u00e0 l&rsquo;\u00e9cole, ou leurs \u00e2ges ou leurs sexes.<\/li>\n<\/ul>\n\n\n\n<h4 class=\"wp-block-heading\"><strong>Restez sur la plateforme<\/strong><\/h4>\n\n\n\n<ul class=\"wp-block-list\">\n<li>Poursuivez les conversations sur la plateforme Baeyond pendant que vous apprenez \u00e0 conna\u00eetre quelqu&rsquo;un.<\/li>\n\n\n\n<li>\u00c9tant donn\u00e9 que les \u00e9changes sur Baeyond sont soumis \u00e0 nos syst\u00e8mes de d\u00e9tection de confiance et de s\u00e9curit\u00e9, les utilisateurs mal intentionn\u00e9s tentent souvent de poursuivre la conversation imm\u00e9diatement par SMS, applications de messagerie, e-mail ou t\u00e9l\u00e9phone.<\/li>\n<\/ul>\n\n\n\n<h4 class=\"wp-block-heading\"><strong>M\u00e9fiez-vous des relations \u00e0 distance et des relations internationales.<\/strong><\/h4>\n\n\n\n<ul class=\"wp-block-list\">\n<li>M\u00e9fiez-vous des escrocs qui pr\u00e9tendent \u00eatre originaires de votre pays mais bloqu\u00e9s ailleurs, surtout s&rsquo;ils demandent une aide financi\u00e8re pour rentrer chez eux.<\/li>\n\n\n\n<li>Ne vous laissez pas convaincre par un(e) partenaire d&rsquo;investir ou d&rsquo;ouvrir un compte aupr\u00e8s d&rsquo;un service ou d&rsquo;un site web qu&rsquo;il\/elle vous recommande.<\/li>\n\n\n\n<li>M\u00e9fiez-vous de toute personne qui refuse de vous rencontrer en personne ou de communiquer par t\u00e9l\u00e9phone ou en visioconf\u00e9rence\u00a0; il se peut qu\u2019elle ne soit pas celle qu\u2019elle pr\u00e9tend \u00eatre.<\/li>\n\n\n\n<li>Si quelqu&rsquo;un \u00e9vite vos questions ou insiste pour avoir une relation s\u00e9rieuse sans vous avoir rencontr\u00e9 ni appris \u00e0 vous conna\u00eetre au pr\u00e9alable, c&rsquo;est un signal d&rsquo;alarme.<\/li>\n<\/ul>\n\n\n\n<h3 class=\"wp-block-heading\"><strong>Signalez tout comportement suspect et offensant<\/strong><\/h3>\n\n\n\n<p>Vous savez quand quelqu&rsquo;un d\u00e9passe les bornes. Et quand c&rsquo;est le cas, nous voulons le savoir. Bloquez et signalez toute personne qui enfreint nos conditions d&rsquo;utilisation ou vos limites personnelles. Voici quelques exemples d&rsquo;infractions\u00a0:<\/p>\n\n\n\n<ul class=\"wp-block-list\">\n<li>Demandes d&rsquo;argent ou de dons.<\/li>\n\n\n\n<li>Utilisateurs mineurs (il faut avoir plus de 18 ans pour utiliser Baeyond).<\/li>\n\n\n\n<li>Harc\u00e8lement, menaces et messages injurieux.<\/li>\n\n\n\n<li>Comportement inappropri\u00e9 ou nuisible pendant ou apr\u00e8s une rencontre en personne.<\/li>\n\n\n\n<li>Les profils frauduleux ou ceux qui ne r\u00e9pondent pas \u00e0 nos crit\u00e8res de v\u00e9rification.<\/li>\n\n\n\n<li>Pourriels ou sollicitations, y compris les liens vers des sites Web commerciaux ou les tentatives de vente de produits ou de services.<\/li>\n<\/ul>\n\n\n\n<p>Vous pouvez signaler tout comportement suspect depuis n&rsquo;importe quelle page de profil ou fen\u00eatre de messagerie. Notre \u00e9quipe d&rsquo;assistance d\u00e9di\u00e9e est disponible 24h\/24 et 7j\/7. Pour plus d&rsquo;informations, consultez notre <a href=\"https:\/\/baeyond.com\/fr\/lignes-directrices-de-la-communaute\/\" data-type=\"link\" data-id=\"https:\/\/baeyond.com\/fr\/lignes-directrices-de-la-communaute\/\" target=\"_blank\" rel=\"noreferrer noopener\">Lignes directrices de la communaut\u00e9.<\/a><\/p>\n\n\n\n<p><\/p>\n\n\n\n<h3 class=\"wp-block-heading\"><strong>R\u00e9union en personne<\/strong><\/h3>\n\n\n\n<h4 class=\"wp-block-heading\"><strong>Ne soyez pas press\u00e9<\/strong><\/h4>\n\n\n\n<ul class=\"wp-block-list\">\n<li>Prenez votre temps et apprenez \u00e0 conna\u00eetre l&rsquo;autre personne via notre plateforme s\u00e9curis\u00e9e avant d&rsquo;accepter de la rencontrer ou de discuter en dehors de Bayond.<\/li>\n\n\n\n<li>N\u2019h\u00e9sitez pas \u00e0 poser des questions pour d\u00e9celer tout signal d\u2019alarme ou tout \u00e9l\u00e9ment r\u00e9dhibitoire.<\/li>\n\n\n\n<li>Un appel t\u00e9l\u00e9phonique ou vid\u00e9o peut constituer un outil de s\u00e9lection utile avant une rencontre en personne.<\/li>\n<\/ul>\n\n\n\n<h4 class=\"wp-block-heading\"><strong>Rencontrez-vous en public et restez en public<\/strong><\/h4>\n\n\n\n<ul class=\"wp-block-list\">\n<li>Rencontrez-vous dans un lieu public et fr\u00e9quent\u00e9 \u2013 jamais chez vous, chez votre partenaire ou dans un autre lieu priv\u00e9.<\/li>\n\n\n\n<li>Si votre partenaire vous force \u00e0 aller dans un lieu priv\u00e9, mettez fin au rendez-vous imm\u00e9diatement.<\/li>\n<\/ul>\n\n\n\n<h4 class=\"wp-block-heading\"><strong>Parlez de vos projets \u00e0 vos amis et \u00e0 votre famille<\/strong><\/h4>\n\n\n\n<ul class=\"wp-block-list\">\n<li>Parlez de vos projets \u00e0 un ami ou \u00e0 un membre de votre famille, en pr\u00e9cisant la date et le lieu de votre voyage.<\/li>\n\n\n\n<li>Gardez votre t\u00e9l\u00e9phone portable charg\u00e9 et avec vous en permanence.<\/li>\n\n\n\n<li>Pensez \u00e0 utiliser les fonctionnalit\u00e9s int\u00e9gr\u00e9es de votre t\u00e9l\u00e9phone pour partager votre position en direct avec une personne de confiance lors d&rsquo;un rendez-vous amoureux.<\/li>\n<\/ul>\n\n\n\n<h4 class=\"wp-block-heading\"><strong>Ma\u00eetrisez vos d\u00e9placements<\/strong><\/h4>\n\n\n\n<ul class=\"wp-block-list\">\n<li>Nous voulons que vous ayez le contr\u00f4le sur vos d\u00e9placements pour vous rendre \u00e0 votre rendez-vous et en revenir, afin que vous puissiez partir quand vous le souhaitez.<\/li>\n\n\n\n<li>Si vous conduisez vous-m\u00eame, il est judicieux de pr\u00e9voir un plan B, comme une application de covoiturage ou un ami qui vienne vous chercher.<\/li>\n<\/ul>\n\n\n\n<h4 class=\"wp-block-heading\"><strong>Connaissez vos limites<\/strong><\/h4>\n\n\n\n<ul class=\"wp-block-list\">\n<li>Soyez attentif aux effets des drogues ou de l&rsquo;alcool sur vous-m\u00eame ; ils peuvent alt\u00e9rer votre jugement et votre vigilance.<\/li>\n\n\n\n<li>Si votre partenaire essaie de vous forcer \u00e0 consommer des substances ou \u00e0 boire plus que vous ne le souhaitez, tenez bon et mettez fin au rendez-vous.<\/li>\n<\/ul>\n\n\n\n<h4 class=\"wp-block-heading\"><strong>Ne laissez pas vos boissons ou vos effets personnels sans surveillance.<\/strong><\/h4>\n\n\n\n<ul class=\"wp-block-list\">\n<li>Sachez d&rsquo;o\u00f9 vient votre boisson et gardez-la toujours \u00e0 port\u00e9e de vue.<\/li>\n\n\n\n<li>N&rsquo;acceptez que les boissons vers\u00e9es ou servies directement par le barman ou le serveur.<\/li>\n\n\n\n<li>Gardez toujours sur vous votre t\u00e9l\u00e9phone, votre sac \u00e0 main, votre portefeuille et tout objet contenant des informations personnelles.<\/li>\n<\/ul>\n\n\n\n<h4 class=\"wp-block-heading\"><strong>Si vous vous sentez mal \u00e0 l&rsquo;aise, partez.<\/strong><\/h4>\n\n\n\n<ul class=\"wp-block-list\">\n<li>Il est tout \u00e0 fait acceptable de mettre fin au rendez-vous plus t\u00f4t si vous ne vous sentez pas \u00e0 l&rsquo;aise ; en fait, c&rsquo;est m\u00eame conseill\u00e9.<\/li>\n\n\n\n<li>Si votre instinct vous dit que quelque chose cloche ou si vous ne vous sentez pas en s\u00e9curit\u00e9, demandez de l&rsquo;aide au barman ou au serveur.<\/li>\n<\/ul>\n\n\n\n<p><\/p>\n\n\n\n<h2 class=\"wp-block-heading\"><strong>Sant\u00e9 sexuelle et consentement<\/strong><\/h2>\n\n\n\n<ul class=\"wp-block-list\">\n<li><strong>Prot\u00e9gez-vous<\/strong> &#8211; Utilis\u00e9s correctement et syst\u00e9matiquement, les pr\u00e9servatifs peuvent r\u00e9duire consid\u00e9rablement le risque de contracter et de transmettre des IST comme le VIH. Cependant, il faut \u00eatre vigilant face aux IST comme l&rsquo;herp\u00e8s ou le VPH qui peuvent se transmettre par contact cutan\u00e9. Le risque de contracter certaines IST peut \u00eatre r\u00e9duit gr\u00e2ce \u00e0\u00a0<a href=\"http:\/\/www.ashasexualhealth.org\/stdsstis\/vaccines\/\" target=\"_blank\" rel=\"noreferrer noopener\"><u>vaccination.<\/u><\/a><\/li>\n\n\n\n<li><strong>Connaissez votre statut<\/strong> &#8211; Toutes les IST ne pr\u00e9sentent pas de sympt\u00f4mes, et il est important de conna\u00eetre votre statut. Prenez soin de votre sant\u00e9 et pr\u00e9venez la propagation des IST en vous faisant d\u00e9pister r\u00e9guli\u00e8rement. Voici o\u00f9 vous pouvez vous faire d\u00e9pister, \u00a0<a href=\"https:\/\/gettested.cdc.gov\/\" target=\"_blank\" rel=\"noreferrer noopener\">trouvez une clinique pr\u00e8s de chez vous<\/a>\u00a0(US only).<\/li>\n\n\n\n<li><strong>Parlez-en &#8211;<\/strong> La communication est essentielle\u00a0: avant toute intimit\u00e9 physique avec un partenaire, parlez de sant\u00e9 sexuelle et de d\u00e9pistage des IST. Sachez que dans certains pays, transmettre sciemment une IST est un d\u00e9lit. Besoin d\u2019aide pour aborder le sujet\u00a0?\u00a0<a href=\"https:\/\/www.plannedparenthood.org\/learn\/stds-hiv-safer-sex\/get-tested\/how-do-i-talk-my-partner-about-std-testing\" target=\"_blank\" rel=\"noreferrer noopener\">Voici quelques conseils.<\/a><\/li>\n\n\n\n<li><strong>Consentement &#8211;<\/strong> Toute activit\u00e9 sexuelle doit commencer par le consentement et s&rsquo;accompagner de discussions r\u00e9guli\u00e8res avec votre partenaire. La communication verbale vous permet, \u00e0 vous et \u00e0 votre partenaire, de respecter les limites de chacun. Le consentement peut \u00eatre retir\u00e9 \u00e0 tout moment, et le sexe n&rsquo;est jamais une obligation. N&rsquo;allez pas plus loin si votre partenaire semble mal \u00e0 l&rsquo;aise ou incertain(e), ou s&rsquo;il\/elle est incapable de consentir sous l&rsquo;influence de drogues ou d&rsquo;alcool. En savoir plus sur\u00a0<a href=\"https:\/\/www.rainn.org\/articles\/what-is-consent\" target=\"_blank\" rel=\"noreferrer noopener\">\u00e0 quoi ressemble le consentement.<\/a><\/li>\n<\/ul>\n\n\n\n<p><\/p>\n","protected":false},"excerpt":{"rendered":"<p>Conseils de s\u00e9curit\u00e9 de Baeyond Rencontrer de nouvelles personnes est passionnant, mais il est toujours important de rester prudent lorsqu&rsquo;on interagit avec un inconnu. Faites preuve de bon sens et privil\u00e9giez votre s\u00e9curit\u00e9, que ce soit lors d&rsquo;un premier \u00e9change de messages ou d&rsquo;une rencontre en personne. M\u00eame si vous ne pouvez pas contr\u00f4ler les&hellip;<\/p>\n","protected":false},"author":1,"featured_media":0,"parent":0,"menu_order":0,"comment_status":"closed","ping_status":"closed","template":"","meta":{"_uf_show_specific_survey":0,"_uf_disable_surveys":false,"footnotes":""},"class_list":["post-17923","page","type-page","status-publish","hentry","entry"],"jetpack_sharing_enabled":true,"_links":{"self":[{"href":"https:\/\/baeyond.com\/fr\/wp-json\/wp\/v2\/pages\/17923","targetHints":{"allow":["GET"]}}],"collection":[{"href":"https:\/\/baeyond.com\/fr\/wp-json\/wp\/v2\/pages"}],"about":[{"href":"https:\/\/baeyond.com\/fr\/wp-json\/wp\/v2\/types\/page"}],"author":[{"embeddable":true,"href":"https:\/\/baeyond.com\/fr\/wp-json\/wp\/v2\/users\/1"}],"replies":[{"embeddable":true,"href":"https:\/\/baeyond.com\/fr\/wp-json\/wp\/v2\/comments?post=17923"}],"version-history":[{"count":5,"href":"https:\/\/baeyond.com\/fr\/wp-json\/wp\/v2\/pages\/17923\/revisions"}],"predecessor-version":[{"id":17965,"href":"https:\/\/baeyond.com\/fr\/wp-json\/wp\/v2\/pages\/17923\/revisions\/17965"}],"wp:attachment":[{"href":"https:\/\/baeyond.com\/fr\/wp-json\/wp\/v2\/media?parent=17923"}],"curies":[{"name":"wp","href":"https:\/\/api.w.org\/{rel}","templated":true}]}}